{"id":335,"date":"2022-06-06T06:05:43","date_gmt":"2022-06-06T10:05:43","guid":{"rendered":"https:\/\/www.edwinlegris.fr\/?page_id=335"},"modified":"2022-06-17T08:33:46","modified_gmt":"2022-06-17T12:33:46","slug":"nos-soutiens","status":"publish","type":"page","link":"https:\/\/www.edwinlegris.fr\/?page_id=335","title":{"rendered":"Nos soutiens"},"content":{"rendered":"\n<div class=\"wp-block-columns is-layout-flex wp-container-core-columns-is-layout-9d6595d7 wp-block-columns-is-layout-flex\">\n<div class=\"wp-block-column is-layout-flow wp-block-column-is-layout-flow\" style=\"flex-basis:33.33%\">\n<figure class=\"wp-block-image size-full is-resized is-style-rounded\"><img loading=\"lazy\" decoding=\"async\" src=\"http:\/\/www.edwinlegris.fr\/wp-content\/uploads\/2022\/06\/vlcsnap-2022-05-23-02h33m44s219-e1654626323207.png\" alt=\"\" class=\"wp-image-362\" width=\"204\" height=\"163\" srcset=\"https:\/\/www.edwinlegris.fr\/wp-content\/uploads\/2022\/06\/vlcsnap-2022-05-23-02h33m44s219-e1654626323207.png 870w, https:\/\/www.edwinlegris.fr\/wp-content\/uploads\/2022\/06\/vlcsnap-2022-05-23-02h33m44s219-e1654626323207-300x240.png 300w, https:\/\/www.edwinlegris.fr\/wp-content\/uploads\/2022\/06\/vlcsnap-2022-05-23-02h33m44s219-e1654626323207-768x615.png 768w\" sizes=\"auto, (max-width: 204px) 100vw, 204px\" \/><figcaption><strong>Yannick JADOT<\/strong>, candidat \u00e9cologiste \u00e0 la pr\u00e9sidentielle, eurod\u00e9put\u00e9<\/figcaption><\/figure>\n<\/div>\n\n\n\n<div class=\"wp-block-column is-layout-flow wp-block-column-is-layout-flow\" style=\"flex-basis:66.66%\">\n<p class=\"has-medium-font-size\">\u00ab\u00a0<strong>Je soutiens Edwin LEGRIS<\/strong> pour qu\u2019\u00e0 partir du 20 juin, l\u2019Assembl\u00e9e nationale s\u2019occupe enfin vraiment d\u2019\u00e9cologie ! Il est utile de rappeler que sous la pr\u00e9sidence d\u2019Emmanuel Macron, la France a \u00e9t\u00e9 condamn\u00e9e par 2 fois pour inaction climatique !\u00a0\u00bb<\/p>\n<\/div>\n<\/div>\n\n\n\n<div class=\"wp-block-columns is-layout-flex wp-container-core-columns-is-layout-9d6595d7 wp-block-columns-is-layout-flex\">\n<div class=\"wp-block-column is-layout-flow wp-block-column-is-layout-flow\">\n<blockquote class=\"twitter-tweet\"><p dir=\"ltr\" lang=\"fr\">Un grand merci \u00e0 Yannick Jadot <a href=\"https:\/\/twitter.com\/yjadot?ref_src=twsrc%5Etfw\">@yjadot<\/a> pour son soutien.\u2935\ufe0f<br><br>Les 12 et 19 juin, sortons de 5 ans d\u2019inaction climatique et d\u2019injustice sociale avec le bulletin de vote <a href=\"https:\/\/twitter.com\/hashtag\/NUPES?src=hash&amp;ref_src=twsrc%5Etfw\">#NUPES<\/a> !<a href=\"https:\/\/twitter.com\/hashtag\/legislatives2022?src=hash&amp;ref_src=twsrc%5Etfw\">#legislatives2022<\/a> <a href=\"https:\/\/twitter.com\/hashtag\/circo7812?src=hash&amp;ref_src=twsrc%5Etfw\">#circo7812<\/a> <a href=\"https:\/\/t.co\/fNooc37SEF\">pic.twitter.com\/fNooc37SEF<\/a><\/p>\u2014 Edwin LEGRIS (@EdwinLEGRIS) <a href=\"https:\/\/twitter.com\/EdwinLEGRIS\/status\/1534941220325273602?ref_src=twsrc%5Etfw\">June 9, 2022<\/a><\/blockquote> <script async=\"\" src=\"https:\/\/platform.twitter.com\/widgets.js\" charset=\"utf-8\"><\/script>\n<\/div>\n\n\n\n<div class=\"wp-block-column is-layout-flow wp-block-column-is-layout-flow\">\n<blockquote class=\"twitter-tweet\" data-lang=\"fr\"><p dir=\"ltr\" lang=\"fr\">\ud83d\udcfa Merci \u00e0 No\u00ebl Mam\u00e8re pour son soutien \u00e0 notre candidature d\u2019union dans la <a href=\"https:\/\/twitter.com\/hashtag\/circo7812?src=hash&amp;ref_src=twsrc%5Etfw\">#circo7812<\/a> !<br><br>Les 12 et 19 juin, un autre avenir est possible : mobilisons-nous ! <a href=\"https:\/\/twitter.com\/hashtag\/NUPES?src=hash&amp;ref_src=twsrc%5Etfw\">#NUPES<\/a> \ud83d\udd96<a href=\"https:\/\/twitter.com\/hashtag\/legislatives2022?src=hash&amp;ref_src=twsrc%5Etfw\">#legislatives2022<\/a> <a href=\"https:\/\/t.co\/p5csuzjgFe\">pic.twitter.com\/p5csuzjgFe<\/a><\/p>\u2014 Edwin LEGRIS (@EdwinLEGRIS) <a href=\"https:\/\/twitter.com\/EdwinLEGRIS\/status\/1535212353419108352?ref_src=twsrc%5Etfw\">10 juin 2022<\/a><\/blockquote> <script async=\"\" src=\"https:\/\/platform.twitter.com\/widgets.js\" charset=\"utf-8\"><\/script>\n<\/div>\n<\/div>\n\n\n\n<div class=\"wp-block-columns is-layout-flex wp-container-core-columns-is-layout-9d6595d7 wp-block-columns-is-layout-flex\">\n<div class=\"wp-block-column is-layout-flow wp-block-column-is-layout-flow\">\n<figure class=\"wp-block-image size-full\"><img loading=\"lazy\" decoding=\"async\" width=\"805\" height=\"604\" src=\"http:\/\/www.edwinlegris.fr\/wp-content\/uploads\/2022\/06\/Edwin_Roussel.png\" alt=\"\" class=\"wp-image-410\" srcset=\"https:\/\/www.edwinlegris.fr\/wp-content\/uploads\/2022\/06\/Edwin_Roussel.png 805w, https:\/\/www.edwinlegris.fr\/wp-content\/uploads\/2022\/06\/Edwin_Roussel-300x225.png 300w, https:\/\/www.edwinlegris.fr\/wp-content\/uploads\/2022\/06\/Edwin_Roussel-768x576.png 768w\" sizes=\"auto, (max-width: 805px) 100vw, 805px\" \/><figcaption>Fabien Roussel, candidat PCF \u00e0 la pr\u00e9sidentielle<\/figcaption><\/figure>\n<\/div>\n\n\n\n<div class=\"wp-block-column is-layout-flow wp-block-column-is-layout-flow\">\n<figure class=\"wp-block-image size-full\"><img loading=\"lazy\" decoding=\"async\" width=\"667\" height=\"500\" src=\"http:\/\/www.edwinlegris.fr\/wp-content\/uploads\/2022\/06\/Edwin_Faure.png\" alt=\"\" class=\"wp-image-411\" srcset=\"https:\/\/www.edwinlegris.fr\/wp-content\/uploads\/2022\/06\/Edwin_Faure.png 667w, https:\/\/www.edwinlegris.fr\/wp-content\/uploads\/2022\/06\/Edwin_Faure-300x225.png 300w\" sizes=\"auto, (max-width: 667px) 100vw, 667px\" \/><figcaption>Olivier Faure, premier secr\u00e9taire du PS<\/figcaption><\/figure>\n<\/div>\n<\/div>\n\n\n\n\n\n<p class=\"has-medium-font-size\"><strong>Mais aussi :<\/strong><\/p>\n\n\n\n<p class=\"has-medium-font-size\"><strong>\u2022 <a href=\"https:\/\/twitter.com\/EdwinLEGRIS\/status\/1537514580292911104\" target=\"_blank\" rel=\"noreferrer noopener\">Ghislaine Sen\u00e9e<\/a><\/strong>, pr\u00e9sidente du P\u00f4le \u00c9cologiste au Conseil r\u00e9gional d\u2019\u00cele-de-France<\/p>\n\n\n\n<p class=\"has-medium-font-size\"><strong>\u2022 <a href=\"https:\/\/twitter.com\/EdwinLEGRIS\/status\/1537522717053820929\" target=\"_blank\" rel=\"noreferrer noopener\">Jean-Baptiste Pegeon<\/a><\/strong>, conseiller r\u00e9gional d&rsquo;\u00cele-de-France<\/p>\n\n\n\n<p class=\"has-medium-font-size\"><strong>\u2022 <a href=\"https:\/\/twitter.com\/EdwinLEGRIS\/status\/1537508380830474242\" target=\"_blank\" rel=\"noreferrer noopener\">Kader Chibane<\/a><\/strong>, conseiller r\u00e9gional d\u2019\u00cele-de-France<\/p>\n\n\n\n<p class=\"has-medium-font-size\"><em>Cliquez sur une vignette pour l&rsquo;agrandir :<\/em><\/p>\n\n\n\n<div class=\"wp-block-columns are-vertically-aligned-center is-layout-flex wp-container-core-columns-is-layout-9d6595d7 wp-block-columns-is-layout-flex\">\n<div class=\"wp-block-column is-vertically-aligned-center is-layout-flow wp-block-column-is-layout-flow\" style=\"flex-basis:100%\">\n<figure class=\"wp-block-gallery has-nested-images columns-default wp-block-gallery-1 is-layout-flex wp-block-gallery-is-layout-flex\">\n<figure class=\"wp-block-image size-large\"><a href=\"http:\/\/www.edwinlegris.fr\/?attachment_id=360\"><img loading=\"lazy\" decoding=\"async\" width=\"1024\" height=\"768\" data-id=\"360\" src=\"http:\/\/www.edwinlegris.fr\/wp-content\/uploads\/2022\/06\/soutiens-EDWIN-1024x768.png\" alt=\"\" class=\"wp-image-360\" srcset=\"https:\/\/www.edwinlegris.fr\/wp-content\/uploads\/2022\/06\/soutiens-EDWIN-1024x768.png 1024w, https:\/\/www.edwinlegris.fr\/wp-content\/uploads\/2022\/06\/soutiens-EDWIN-300x225.png 300w, https:\/\/www.edwinlegris.fr\/wp-content\/uploads\/2022\/06\/soutiens-EDWIN-768x576.png 768w, https:\/\/www.edwinlegris.fr\/wp-content\/uploads\/2022\/06\/soutiens-EDWIN-1536x1152.png 1536w, https:\/\/www.edwinlegris.fr\/wp-content\/uploads\/2022\/06\/soutiens-EDWIN.png 1667w\" sizes=\"auto, (max-width: 1024px) 100vw, 1024px\" \/><\/a><\/figure>\n\n\n\n<figure class=\"wp-block-image size-large\"><a href=\"http:\/\/www.edwinlegris.fr\/?attachment_id=359\"><img loading=\"lazy\" decoding=\"async\" width=\"1024\" height=\"768\" data-id=\"359\" src=\"http:\/\/www.edwinlegris.fr\/wp-content\/uploads\/2022\/06\/soutiens-EDWIN5-1024x768.png\" alt=\"\" class=\"wp-image-359\" srcset=\"https:\/\/www.edwinlegris.fr\/wp-content\/uploads\/2022\/06\/soutiens-EDWIN5-1024x768.png 1024w, https:\/\/www.edwinlegris.fr\/wp-content\/uploads\/2022\/06\/soutiens-EDWIN5-300x225.png 300w, https:\/\/www.edwinlegris.fr\/wp-content\/uploads\/2022\/06\/soutiens-EDWIN5-768x576.png 768w, https:\/\/www.edwinlegris.fr\/wp-content\/uploads\/2022\/06\/soutiens-EDWIN5-1536x1152.png 1536w, https:\/\/www.edwinlegris.fr\/wp-content\/uploads\/2022\/06\/soutiens-EDWIN5.png 1667w\" sizes=\"auto, (max-width: 1024px) 100vw, 1024px\" \/><\/a><\/figure>\n\n\n\n<figure class=\"wp-block-image size-large\"><a href=\"http:\/\/www.edwinlegris.fr\/?attachment_id=358\"><img loading=\"lazy\" decoding=\"async\" width=\"1024\" height=\"768\" data-id=\"358\" src=\"http:\/\/www.edwinlegris.fr\/wp-content\/uploads\/2022\/06\/soutiens-EDWIN4-1024x768.png\" alt=\"\" class=\"wp-image-358\" srcset=\"https:\/\/www.edwinlegris.fr\/wp-content\/uploads\/2022\/06\/soutiens-EDWIN4-1024x768.png 1024w, https:\/\/www.edwinlegris.fr\/wp-content\/uploads\/2022\/06\/soutiens-EDWIN4-300x225.png 300w, https:\/\/www.edwinlegris.fr\/wp-content\/uploads\/2022\/06\/soutiens-EDWIN4-768x576.png 768w, https:\/\/www.edwinlegris.fr\/wp-content\/uploads\/2022\/06\/soutiens-EDWIN4-1536x1152.png 1536w, https:\/\/www.edwinlegris.fr\/wp-content\/uploads\/2022\/06\/soutiens-EDWIN4.png 1667w\" sizes=\"auto, (max-width: 1024px) 100vw, 1024px\" \/><\/a><\/figure>\n\n\n\n<figure class=\"wp-block-image size-large\"><a href=\"http:\/\/www.edwinlegris.fr\/?attachment_id=357\"><img loading=\"lazy\" decoding=\"async\" width=\"1024\" height=\"768\" data-id=\"357\" src=\"http:\/\/www.edwinlegris.fr\/wp-content\/uploads\/2022\/06\/soutiens-EDWIN3-1024x768.png\" alt=\"\" class=\"wp-image-357\" srcset=\"https:\/\/www.edwinlegris.fr\/wp-content\/uploads\/2022\/06\/soutiens-EDWIN3-1024x768.png 1024w, https:\/\/www.edwinlegris.fr\/wp-content\/uploads\/2022\/06\/soutiens-EDWIN3-300x225.png 300w, https:\/\/www.edwinlegris.fr\/wp-content\/uploads\/2022\/06\/soutiens-EDWIN3-768x576.png 768w, https:\/\/www.edwinlegris.fr\/wp-content\/uploads\/2022\/06\/soutiens-EDWIN3-1536x1152.png 1536w, https:\/\/www.edwinlegris.fr\/wp-content\/uploads\/2022\/06\/soutiens-EDWIN3.png 1667w\" sizes=\"auto, (max-width: 1024px) 100vw, 1024px\" \/><\/a><\/figure>\n\n\n\n<figure class=\"wp-block-image size-large\"><a href=\"http:\/\/www.edwinlegris.fr\/?attachment_id=356\"><img loading=\"lazy\" decoding=\"async\" width=\"1024\" height=\"768\" data-id=\"356\" src=\"http:\/\/www.edwinlegris.fr\/wp-content\/uploads\/2022\/06\/soutiens-EDWIN2-1024x768.png\" alt=\"\" class=\"wp-image-356\" srcset=\"https:\/\/www.edwinlegris.fr\/wp-content\/uploads\/2022\/06\/soutiens-EDWIN2-1024x768.png 1024w, https:\/\/www.edwinlegris.fr\/wp-content\/uploads\/2022\/06\/soutiens-EDWIN2-300x225.png 300w, https:\/\/www.edwinlegris.fr\/wp-content\/uploads\/2022\/06\/soutiens-EDWIN2-768x576.png 768w, https:\/\/www.edwinlegris.fr\/wp-content\/uploads\/2022\/06\/soutiens-EDWIN2-1536x1152.png 1536w, https:\/\/www.edwinlegris.fr\/wp-content\/uploads\/2022\/06\/soutiens-EDWIN2.png 1667w\" sizes=\"auto, (max-width: 1024px) 100vw, 1024px\" \/><\/a><\/figure>\n<\/figure>\n<\/div>\n<\/div>\n","protected":false},"excerpt":{"rendered":"<p>\u00ab\u00a0Je soutiens Edwin LEGRIS pour qu\u2019\u00e0 partir du 20 juin, l\u2019Assembl\u00e9e nationale s\u2019occupe enfin vraiment d\u2019\u00e9cologie ! Il est utile de rappeler que sous la pr\u00e9sidence d\u2019Emmanuel Macron, la France &#8230;<\/p>\n","protected":false},"author":1,"featured_media":369,"parent":0,"menu_order":0,"comment_status":"closed","ping_status":"closed","template":"","meta":{"footnotes":""},"class_list":["post-335","page","type-page","status-publish","has-post-thumbnail","hentry"],"_links":{"self":[{"href":"https:\/\/www.edwinlegris.fr\/index.php?rest_route=\/wp\/v2\/pages\/335","targetHints":{"allow":["GET"]}}],"collection":[{"href":"https:\/\/www.edwinlegris.fr\/index.php?rest_route=\/wp\/v2\/pages"}],"about":[{"href":"https:\/\/www.edwinlegris.fr\/index.php?rest_route=\/wp\/v2\/types\/page"}],"author":[{"embeddable":true,"href":"https:\/\/www.edwinlegris.fr\/index.php?rest_route=\/wp\/v2\/users\/1"}],"replies":[{"embeddable":true,"href":"https:\/\/www.edwinlegris.fr\/index.php?rest_route=%2Fwp%2Fv2%2Fcomments&post=335"}],"version-history":[{"count":11,"href":"https:\/\/www.edwinlegris.fr\/index.php?rest_route=\/wp\/v2\/pages\/335\/revisions"}],"predecessor-version":[{"id":445,"href":"https:\/\/www.edwinlegris.fr\/index.php?rest_route=\/wp\/v2\/pages\/335\/revisions\/445"}],"wp:featuredmedia":[{"embeddable":true,"href":"https:\/\/www.edwinlegris.fr\/index.php?rest_route=\/wp\/v2\/media\/369"}],"wp:attachment":[{"href":"https:\/\/www.edwinlegris.fr\/index.php?rest_route=%2Fwp%2Fv2%2Fmedia&parent=335"}],"curies":[{"name":"wp","href":"https:\/\/api.w.org\/{rel}","templated":true}]}}