{"id":26,"date":"2022-05-14T00:58:49","date_gmt":"2022-05-13T22:58:49","guid":{"rendered":"https:\/\/www.edwinlegris.fr\/?page_id=26"},"modified":"2022-05-14T01:13:56","modified_gmt":"2022-05-13T23:13:56","slug":"contact","status":"publish","type":"page","link":"https:\/\/www.edwinlegris.fr\/?page_id=26","title":{"rendered":"Contact"},"content":{"rendered":"\n<figure class=\"wp-block-image size-large\"><img loading=\"lazy\" decoding=\"async\" width=\"1024\" height=\"230\" src=\"http:\/\/www.edwinlegris.fr\/wp-content\/uploads\/2022\/05\/cropped-hautaffiche-1024x230.jpg\" alt=\"\" class=\"wp-image-14\" srcset=\"https:\/\/www.edwinlegris.fr\/wp-content\/uploads\/2022\/05\/cropped-hautaffiche-1024x230.jpg 1024w, https:\/\/www.edwinlegris.fr\/wp-content\/uploads\/2022\/05\/cropped-hautaffiche-300x67.jpg 300w, https:\/\/www.edwinlegris.fr\/wp-content\/uploads\/2022\/05\/cropped-hautaffiche-768x172.jpg 768w, https:\/\/www.edwinlegris.fr\/wp-content\/uploads\/2022\/05\/cropped-hautaffiche.jpg 1137w\" sizes=\"auto, (max-width: 1024px) 100vw, 1024px\" \/><\/figure>\n\n\n\n<h2 class=\"wp-block-heading\">Vous souhaitez me contacter ?<\/h2>\n\n\n\n<h2 class=\"wp-block-heading\">Vous souhaitez vous engager dans la campagne des l\u00e9gislatives ?<\/h2>\n\n\n\n<h2 class=\"wp-block-heading\">C&rsquo;est ici !<\/h2>\n\n\n<div class=\"wpforms-container wpforms-container-full\" id=\"wpforms-28\"><form id=\"wpforms-form-28\" class=\"wpforms-validate wpforms-form wpforms-ajax-form\" data-formid=\"28\" method=\"post\" enctype=\"multipart\/form-data\" action=\"\/index.php?rest_route=%2Fwp%2Fv2%2Fpages%2F26\" data-token=\"58eddb0e6d79e95af57d4559697a86f9\"><noscript class=\"wpforms-error-noscript\">Veuillez activer JavaScript dans votre navigateur pour remplir ce formulaire.<\/noscript><div class=\"wpforms-field-container\"><div id=\"wpforms-28-field_1-container\" class=\"wpforms-field wpforms-field-select wpforms-field-select-style-classic\" data-field-id=\"1\"><label class=\"wpforms-field-label\" for=\"wpforms-28-field_1\">Quelle civilit\u00e9 pr\u00e9f\u00e9rez-vous que l&#039;on utilise ? <span class=\"wpforms-required-label\">*<\/span><\/label><select id=\"wpforms-28-field_1\" class=\"wpforms-field-medium wpforms-field-required\" name=\"wpforms[fields][1]\" required=\"required\"><option value=\"Madame\" >Madame<\/option><option value=\"Monsieur\" >Monsieur<\/option><option value=\"Je pr\u00e9f\u00e8re ne pas le dire\" >Je pr\u00e9f\u00e8re ne pas le dire<\/option><\/select><\/div><div id=\"wpforms-28-field_2-container\" class=\"wpforms-field wpforms-field-text\" data-field-id=\"2\"><label class=\"wpforms-field-label\" for=\"wpforms-28-field_2\">Pr\u00e9nom <span class=\"wpforms-required-label\">*<\/span><\/label><input type=\"text\" id=\"wpforms-28-field_2\" class=\"wpforms-field-medium wpforms-field-required\" name=\"wpforms[fields][2]\" required><\/div><div id=\"wpforms-28-field_3-container\" class=\"wpforms-field wpforms-field-text\" data-field-id=\"3\"><label class=\"wpforms-field-label\" for=\"wpforms-28-field_3\">Nom <span class=\"wpforms-required-label\">*<\/span><\/label><input type=\"text\" id=\"wpforms-28-field_3\" class=\"wpforms-field-medium wpforms-field-required\" name=\"wpforms[fields][3]\" required><\/div><div id=\"wpforms-28-field_4-container\" class=\"wpforms-field wpforms-field-text\" data-field-id=\"4\"><label class=\"wpforms-field-label\" for=\"wpforms-28-field_4\">Email <span class=\"wpforms-required-label\">*<\/span><\/label><input type=\"text\" id=\"wpforms-28-field_4\" class=\"wpforms-field-medium wpforms-field-required\" name=\"wpforms[fields][4]\" required><\/div><div id=\"wpforms-28-field_5-container\" class=\"wpforms-field wpforms-field-text\" data-field-id=\"5\"><label class=\"wpforms-field-label\" for=\"wpforms-28-field_5\">A quel num\u00e9ro de t\u00e9l\u00e9phone puis-je vous joindre ? <span class=\"wpforms-required-label\">*<\/span><\/label><input type=\"text\" id=\"wpforms-28-field_5\" class=\"wpforms-field-medium wpforms-field-required\" name=\"wpforms[fields][5]\" required><\/div><div id=\"wpforms-28-field_6-container\" class=\"wpforms-field wpforms-field-text\" data-field-id=\"6\"><label class=\"wpforms-field-label\" for=\"wpforms-28-field_6\">Adresse<\/label><input type=\"text\" id=\"wpforms-28-field_6\" class=\"wpforms-field-medium\" name=\"wpforms[fields][6]\" ><\/div><div id=\"wpforms-28-field_7-container\" class=\"wpforms-field wpforms-field-text\" data-field-id=\"7\"><label class=\"wpforms-field-label\" for=\"wpforms-28-field_7\">Code postal<\/label><input type=\"text\" id=\"wpforms-28-field_7\" class=\"wpforms-field-medium\" name=\"wpforms[fields][7]\" ><\/div><div id=\"wpforms-28-field_8-container\" class=\"wpforms-field wpforms-field-text\" data-field-id=\"8\"><label class=\"wpforms-field-label\" for=\"wpforms-28-field_8\">Ville<\/label><input type=\"text\" id=\"wpforms-28-field_8\" class=\"wpforms-field-medium\" name=\"wpforms[fields][8]\" ><\/div><div id=\"wpforms-28-field_9-container\" class=\"wpforms-field wpforms-field-select wpforms-field-select-style-classic\" data-field-id=\"9\"><label class=\"wpforms-field-label\" for=\"wpforms-28-field_9\">Liste d\u00e9roulante <span class=\"wpforms-required-label\">*<\/span><\/label><select id=\"wpforms-28-field_9\" class=\"wpforms-field-medium wpforms-field-required\" name=\"wpforms[fields][9]\" required=\"required\"><option value=\"Demande de rendez-vous\" >Demande de rendez-vous<\/option><option value=\"Demande de soutien pour un projet\" >Demande de soutien pour un projet<\/option><option value=\"Troisi\u00e8me choixInvitation \u00e0 participer \u00e0 une action ou \u00e0 une r\u00e9union\" >Troisi\u00e8me choixInvitation \u00e0 participer \u00e0 une action ou \u00e0 une r\u00e9union<\/option><option value=\"Alerter sur une situation\" >Alerter sur une situation<\/option><option value=\"Je souhaite rejoindre l&#039;\u00e9quipe de terrain (porte-\u00e0-porte, tractages, collages..)\" >Je souhaite rejoindre l&#039;\u00e9quipe de terrain (porte-\u00e0-porte, tractages, collages..)<\/option><option value=\"Je souhaite rejoindre l&#039;\u00e9quipe &quot;projet&quot; (r\u00e9daction d&#039;argumentaires, projets de loi..)\" >Je souhaite rejoindre l&#039;\u00e9quipe &quot;projet&quot; (r\u00e9daction d&#039;argumentaires, projets de loi..)<\/option><option value=\"Je souhaite rejoindre l&#039;\u00e9quipe communication (r\u00e9seaux sociaux, photo, vid\u00e9o, graphisme..)\" >Je souhaite rejoindre l&#039;\u00e9quipe communication (r\u00e9seaux sociaux, photo, vid\u00e9o, graphisme..)<\/option><option value=\"Autre (Merci de pr\u00e9ciser ci-dessous)\" >Autre (Merci de pr\u00e9ciser ci-dessous)<\/option><\/select><\/div><div id=\"wpforms-28-field_10-container\" class=\"wpforms-field wpforms-field-textarea\" data-field-id=\"10\"><label class=\"wpforms-field-label\" for=\"wpforms-28-field_10\">Pouvez-vous m&#039;en dire un peu plus sur votre demande ?<\/label><textarea id=\"wpforms-28-field_10\" class=\"wpforms-field-medium\" name=\"wpforms[fields][10]\" ><\/textarea><\/div><div id=\"wpforms-28-field_11-container\" class=\"wpforms-field wpforms-field-checkbox\" data-field-id=\"11\"><label class=\"wpforms-field-label\" for=\"wpforms-28-field_11\">Consentement RGPD <span class=\"wpforms-required-label\">*<\/span><\/label><ul id=\"wpforms-28-field_11\" class=\"wpforms-field-required\"><li class=\"choice-1 depth-1\"><input type=\"checkbox\" id=\"wpforms-28-field_11_1\" name=\"wpforms[fields][11][]\" value=\"En soumettant ce formulaire, j&#039;accepte que les informations saisies soient utilis\u00e9es, exploit\u00e9es, stock\u00e9es et trait\u00e9es pour permettre de me recontacter dans le cadre de ma demande de mise en relation.\" required ><label class=\"wpforms-field-label-inline\" for=\"wpforms-28-field_11_1\">En soumettant ce formulaire, j'accepte que les informations saisies soient utilis\u00e9es, exploit\u00e9es, stock\u00e9es et trait\u00e9es pour permettre de me recontacter dans le cadre de ma demande de mise en relation.<\/label><\/li><\/ul><\/div><div id=\"wpforms-28-field_12-container\" class=\"wpforms-field wpforms-field-checkbox\" data-field-id=\"12\"><label class=\"wpforms-field-label\" for=\"wpforms-28-field_12\">Consentement lettre d&#039;information<\/label><ul id=\"wpforms-28-field_12\"><li class=\"choice-1 depth-1\"><input type=\"checkbox\" id=\"wpforms-28-field_12_1\" name=\"wpforms[fields][12][]\" value=\"En soumettant ce formulaire, j&#039;accepte que les informations saisies soient utilis\u00e9es, exploit\u00e9es, stock\u00e9es et trait\u00e9es pour permettre l&#039;envoi d&#039;une lettre d&#039;information par le propri\u00e9taire du site.\"  ><label class=\"wpforms-field-label-inline\" for=\"wpforms-28-field_12_1\">En soumettant ce formulaire, j'accepte que les informations saisies soient utilis\u00e9es, exploit\u00e9es, stock\u00e9es et trait\u00e9es pour permettre l'envoi d'une lettre d'information par le propri\u00e9taire du site.<\/label><\/li><\/ul><div class=\"wpforms-field-description\"><p><a href=\"https:\/\/www.edwinlegris.fr\/?page_id=3\" title=\"Cliquer ici pour en savoir plus sur notre politique de confidentialit\u00e9 et de respect du RGPD \" target=\"_blank\">Cliquer ici pour en savoir plus sur notre politique de confidentialit\u00e9 et de respect du RGPD<\/a><\/p><\/div><\/div><\/div><div class=\"wpforms-submit-container\"><input type=\"hidden\" name=\"wpforms[id]\" value=\"28\"><input type=\"hidden\" name=\"wpforms[author]\" value=\"1\"><button type=\"submit\" name=\"wpforms[submit]\" id=\"wpforms-submit-28\" class=\"wpforms-submit\" data-alt-text=\"En cours d&#039;envoi\" data-submit-text=\"Valider\" aria-live=\"assertive\" value=\"wpforms-submit\">Valider<\/button><img loading=\"lazy\" decoding=\"async\" src=\"https:\/\/www.edwinlegris.fr\/wp-content\/plugins\/wpforms-lite\/assets\/images\/submit-spin.svg\" class=\"wpforms-submit-spinner\" style=\"display: none;\" width=\"26\" height=\"26\" alt=\"\"><\/div><\/form><\/div>  <!-- .wpforms-container -->","protected":false},"excerpt":{"rendered":"<p>Vous souhaitez me contacter ? Vous souhaitez vous engager dans la campagne des l\u00e9gislatives ? C&rsquo;est ici !<\/p>\n","protected":false},"author":1,"featured_media":0,"parent":0,"menu_order":0,"comment_status":"closed","ping_status":"closed","template":"","meta":{"footnotes":""},"class_list":["post-26","page","type-page","status-publish","hentry"],"_links":{"self":[{"href":"https:\/\/www.edwinlegris.fr\/index.php?rest_route=\/wp\/v2\/pages\/26","targetHints":{"allow":["GET"]}}],"collection":[{"href":"https:\/\/www.edwinlegris.fr\/index.php?rest_route=\/wp\/v2\/pages"}],"about":[{"href":"https:\/\/www.edwinlegris.fr\/index.php?rest_route=\/wp\/v2\/types\/page"}],"author":[{"embeddable":true,"href":"https:\/\/www.edwinlegris.fr\/index.php?rest_route=\/wp\/v2\/users\/1"}],"replies":[{"embeddable":true,"href":"https:\/\/www.edwinlegris.fr\/index.php?rest_route=%2Fwp%2Fv2%2Fcomments&post=26"}],"version-history":[{"count":2,"href":"https:\/\/www.edwinlegris.fr\/index.php?rest_route=\/wp\/v2\/pages\/26\/revisions"}],"predecessor-version":[{"id":34,"href":"https:\/\/www.edwinlegris.fr\/index.php?rest_route=\/wp\/v2\/pages\/26\/revisions\/34"}],"wp:attachment":[{"href":"https:\/\/www.edwinlegris.fr\/index.php?rest_route=%2Fwp%2Fv2%2Fmedia&parent=26"}],"curies":[{"name":"wp","href":"https:\/\/api.w.org\/{rel}","templated":true}]}}