{"id":154,"date":"2022-05-14T23:57:18","date_gmt":"2022-05-14T21:57:18","guid":{"rendered":"https:\/\/www.edwinlegris.fr\/?page_id=154"},"modified":"2022-06-09T19:14:55","modified_gmt":"2022-06-09T23:14:55","slug":"carnet-de-campagne","status":"publish","type":"page","link":"https:\/\/www.edwinlegris.fr\/?page_id=154","title":{"rendered":"Carnet de campagne"},"content":{"rendered":"\n<div class=\"wp-block-query is-layout-flow wp-block-query-is-layout-flow\"><ul class=\"wp-block-post-template is-layout-flow wp-block-post-template-is-layout-flow\"><li class=\"wp-block-post post-455 post type-post status-publish format-standard has-post-thumbnail hentry category-carnet-de-campagne\">\n<h2 class=\"wp-block-post-title\"><a href=\"https:\/\/www.edwinlegris.fr\/?p=455\" target=\"_self\" >[TV 78] \u00ab\u00a0J&rsquo;appelle tous les \u00e9lecteurs du 1er tour qui refusent 5 ans de plus de casse sociale et d&rsquo;inaction climatique \u00e0 voter NUPES\u00a0\u00bb<\/a><\/h2>\n\n<figure class=\"alignwide wp-block-post-featured-image\"><a href=\"https:\/\/www.edwinlegris.fr\/?p=455\" target=\"_self\"  ><img loading=\"lazy\" decoding=\"async\" width=\"1112\" height=\"626\" src=\"https:\/\/www.edwinlegris.fr\/wp-content\/uploads\/2022\/06\/Capture-de\u0301cran-2022-06-17-a\u0300-15.03.36.png\" class=\"attachment-post-thumbnail size-post-thumbnail wp-post-image\" alt=\"[TV 78] \u00ab\u00a0J&rsquo;appelle tous les \u00e9lecteurs du 1er tour qui refusent 5 ans de plus de casse sociale et d&rsquo;inaction climatique \u00e0 voter NUPES\u00a0\u00bb\" style=\"object-fit:cover;\" srcset=\"https:\/\/www.edwinlegris.fr\/wp-content\/uploads\/2022\/06\/Capture-de\u0301cran-2022-06-17-a\u0300-15.03.36.png 1112w, https:\/\/www.edwinlegris.fr\/wp-content\/uploads\/2022\/06\/Capture-de\u0301cran-2022-06-17-a\u0300-15.03.36-300x169.png 300w, https:\/\/www.edwinlegris.fr\/wp-content\/uploads\/2022\/06\/Capture-de\u0301cran-2022-06-17-a\u0300-15.03.36-1024x576.png 1024w, https:\/\/www.edwinlegris.fr\/wp-content\/uploads\/2022\/06\/Capture-de\u0301cran-2022-06-17-a\u0300-15.03.36-768x432.png 768w\" sizes=\"auto, (max-width: 1112px) 100vw, 1112px\" \/><\/a><\/figure>\n\n<div class=\"wp-block-post-excerpt\"><p class=\"wp-block-post-excerpt__excerpt\">Je lance un appel \u00e0 toutes celles et tous ceux, \u00e9cologistes, animalistes, r\u00e9publicains, membres de la soci\u00e9t\u00e9 civile qui ne veulent pas de 5 ann\u00e9es suppl\u00e9mentaires de casse sociale et &#8230; <\/p><\/div>\n\n\n<hr class=\"wp-block-separator has-css-opacity\"\/>\n\n\n<div class=\"wp-block-post-date\"><time datetime=\"2022-06-17T09:04:06-04:00\">17 juin 2022<\/time><\/div>\n<\/li><li class=\"wp-block-post post-446 post type-post status-publish format-standard has-post-thumbnail hentry category-carnet-de-campagne\">\n<h2 class=\"wp-block-post-title\"><a href=\"https:\/\/www.edwinlegris.fr\/?p=446\" target=\"_self\" >Retour en images sur une belle semaine de mobilisation<\/a><\/h2>\n\n<figure class=\"alignwide wp-block-post-featured-image\"><a href=\"https:\/\/www.edwinlegris.fr\/?p=446\" target=\"_self\"  ><img loading=\"lazy\" decoding=\"async\" width=\"2560\" height=\"1920\" src=\"https:\/\/www.edwinlegris.fr\/wp-content\/uploads\/2022\/06\/FVWW5tXWIAAs7HF-scaled.jpg\" class=\"attachment-post-thumbnail size-post-thumbnail wp-post-image\" alt=\"Retour en images sur une belle semaine de mobilisation\" style=\"object-fit:cover;\" srcset=\"https:\/\/www.edwinlegris.fr\/wp-content\/uploads\/2022\/06\/FVWW5tXWIAAs7HF-scaled.jpg 2560w, https:\/\/www.edwinlegris.fr\/wp-content\/uploads\/2022\/06\/FVWW5tXWIAAs7HF-300x225.jpg 300w, https:\/\/www.edwinlegris.fr\/wp-content\/uploads\/2022\/06\/FVWW5tXWIAAs7HF-1024x768.jpg 1024w, https:\/\/www.edwinlegris.fr\/wp-content\/uploads\/2022\/06\/FVWW5tXWIAAs7HF-768x576.jpg 768w, https:\/\/www.edwinlegris.fr\/wp-content\/uploads\/2022\/06\/FVWW5tXWIAAs7HF-1536x1152.jpg 1536w, https:\/\/www.edwinlegris.fr\/wp-content\/uploads\/2022\/06\/FVWW5tXWIAAs7HF-2048x1536.jpg 2048w\" sizes=\"auto, (max-width: 2560px) 100vw, 2560px\" \/><\/a><\/figure>\n\n<div class=\"wp-block-post-excerpt\"><p class=\"wp-block-post-excerpt__excerpt\">Le 12 juin, une majorit\u00e9 d&rsquo;\u00e9lecteurs de notre circonscription n&rsquo;a pas vot\u00e9 pour le candidat d&rsquo;Emmanuel Macron. Plus que jamais, le 19 juin, la victoire est possible ! Nous \u00e9tions &#8230; <\/p><\/div>\n\n\n<hr class=\"wp-block-separator has-css-opacity\"\/>\n\n\n<div class=\"wp-block-post-date\"><time datetime=\"2022-06-17T08:37:24-04:00\">17 juin 2022<\/time><\/div>\n<\/li><li class=\"wp-block-post post-436 post type-post status-publish format-standard has-post-thumbnail hentry category-carnet-de-campagne\">\n<h2 class=\"wp-block-post-title\"><a href=\"https:\/\/www.edwinlegris.fr\/?p=436\" target=\"_self\" >Poissy : \u00e0 votre rencontre \u00e0 Beauregard<\/a><\/h2>\n\n<figure class=\"alignwide wp-block-post-featured-image\"><a href=\"https:\/\/www.edwinlegris.fr\/?p=436\" target=\"_self\"  ><img loading=\"lazy\" decoding=\"async\" width=\"1107\" height=\"759\" src=\"https:\/\/www.edwinlegris.fr\/wp-content\/uploads\/2022\/06\/FVO6FL-XsAAn5iG-1.jpg\" class=\"attachment-post-thumbnail size-post-thumbnail wp-post-image\" alt=\"Poissy : \u00e0 votre rencontre \u00e0 Beauregard\" style=\"object-fit:cover;\" srcset=\"https:\/\/www.edwinlegris.fr\/wp-content\/uploads\/2022\/06\/FVO6FL-XsAAn5iG-1.jpg 1107w, https:\/\/www.edwinlegris.fr\/wp-content\/uploads\/2022\/06\/FVO6FL-XsAAn5iG-1-300x206.jpg 300w, https:\/\/www.edwinlegris.fr\/wp-content\/uploads\/2022\/06\/FVO6FL-XsAAn5iG-1-1024x702.jpg 1024w, https:\/\/www.edwinlegris.fr\/wp-content\/uploads\/2022\/06\/FVO6FL-XsAAn5iG-1-768x527.jpg 768w\" sizes=\"auto, (max-width: 1107px) 100vw, 1107px\" \/><\/a><\/figure>\n\n<div class=\"wp-block-post-excerpt\"><p class=\"wp-block-post-excerpt__excerpt\">Le 19 juin, pas une seule voix ne doit manquer pour faire barrage \u00e0 une politique macroniste d&rsquo;inaction climatique et de classe sociale ! Nous \u00e9tions ce soir \u00e0 Beauregard, &#8230; <\/p><\/div>\n\n\n<hr class=\"wp-block-separator has-css-opacity\"\/>\n\n\n<div class=\"wp-block-post-date\"><time datetime=\"2022-06-14T16:59:33-04:00\">14 juin 2022<\/time><\/div>\n<\/li><\/ul><\/div>\n\n\n\n<p>Retrouvez tous nos articles ci-dessous !<\/p>\n\n\n<ul class=\"wp-block-archives-list wp-block-archives\">\t<li><a href='https:\/\/www.edwinlegris.fr\/?m=202206'>juin 2022<\/a><\/li>\n\t<li><a href='https:\/\/www.edwinlegris.fr\/?m=202205'>mai 2022<\/a><\/li>\n<\/ul>","protected":false},"excerpt":{"rendered":"<p>Retrouvez tous nos articles ci-dessous !<\/p>\n","protected":false},"author":2,"featured_media":0,"parent":0,"menu_order":0,"comment_status":"closed","ping_status":"closed","template":"","meta":{"footnotes":""},"class_list":["post-154","page","type-page","status-publish","hentry"],"_links":{"self":[{"href":"https:\/\/www.edwinlegris.fr\/index.php?rest_route=\/wp\/v2\/pages\/154","targetHints":{"allow":["GET"]}}],"collection":[{"href":"https:\/\/www.edwinlegris.fr\/index.php?rest_route=\/wp\/v2\/pages"}],"about":[{"href":"https:\/\/www.edwinlegris.fr\/index.php?rest_route=\/wp\/v2\/types\/page"}],"author":[{"embeddable":true,"href":"https:\/\/www.edwinlegris.fr\/index.php?rest_route=\/wp\/v2\/users\/2"}],"replies":[{"embeddable":true,"href":"https:\/\/www.edwinlegris.fr\/index.php?rest_route=%2Fwp%2Fv2%2Fcomments&post=154"}],"version-history":[{"count":4,"href":"https:\/\/www.edwinlegris.fr\/index.php?rest_route=\/wp\/v2\/pages\/154\/revisions"}],"predecessor-version":[{"id":407,"href":"https:\/\/www.edwinlegris.fr\/index.php?rest_route=\/wp\/v2\/pages\/154\/revisions\/407"}],"wp:attachment":[{"href":"https:\/\/www.edwinlegris.fr\/index.php?rest_route=%2Fwp%2Fv2%2Fmedia&parent=154"}],"curies":[{"name":"wp","href":"https:\/\/api.w.org\/{rel}","templated":true}]}}